{"id":92,"date":"2021-05-04T14:56:37","date_gmt":"2021-05-04T14:56:37","guid":{"rendered":"https:\/\/leadership2019.empirica.de\/?page_id=92"},"modified":"2021-05-05T08:41:32","modified_gmt":"2021-05-05T08:41:32","slug":"imprint","status":"publish","type":"page","link":"https:\/\/leadership2019.empirica.de\/index.php\/imprint\/","title":{"rendered":"Imprint"},"content":{"rendered":"\t\t<div data-elementor-type=\"wp-page\" data-elementor-id=\"92\" class=\"elementor elementor-92\">\n\t\t\t\t\t\t<section class=\"elementor-section elementor-top-section elementor-element elementor-element-74d7a015 elementor-section-height-min-height elementor-section-boxed elementor-section-height-default elementor-section-items-middle\" data-id=\"74d7a015\" data-element_type=\"section\" data-e-type=\"section\" data-settings=\"{&quot;background_background&quot;:&quot;classic&quot;}\">\n\t\t\t\t\t\t\t<div class=\"elementor-background-overlay\"><\/div>\n\t\t\t\t\t\t\t<div class=\"elementor-container elementor-column-gap-default\">\n\t\t\t\t\t<div class=\"elementor-column elementor-col-100 elementor-top-column elementor-element elementor-element-3a9e25a8\" data-id=\"3a9e25a8\" data-element_type=\"column\" data-e-type=\"column\">\n\t\t\t<div class=\"elementor-widget-wrap elementor-element-populated\">\n\t\t\t\t\t\t<div class=\"elementor-element elementor-element-7fad116 elementor-widget elementor-widget-heading\" data-id=\"7fad116\" data-element_type=\"widget\" data-e-type=\"widget\" data-widget_type=\"heading.default\">\n\t\t\t\t<div class=\"elementor-widget-container\">\n\t\t\t\t\t<h1 class=\"elementor-heading-title elementor-size-default\">Imprint<\/h1>\t\t\t\t<\/div>\n\t\t\t\t<\/div>\n\t\t\t\t\t<\/div>\n\t\t<\/div>\n\t\t\t\t\t<\/div>\n\t\t<\/section>\n\t\t\t\t<section class=\"elementor-section elementor-top-section elementor-element elementor-element-67b03868 elementor-section-boxed elementor-section-height-default elementor-section-height-default\" data-id=\"67b03868\" data-element_type=\"section\" data-e-type=\"section\">\n\t\t\t\t\t\t<div class=\"elementor-container elementor-column-gap-default\">\n\t\t\t\t\t<div class=\"elementor-column elementor-col-100 elementor-top-column elementor-element elementor-element-4a6a5817\" data-id=\"4a6a5817\" data-element_type=\"column\" data-e-type=\"column\">\n\t\t\t<div class=\"elementor-widget-wrap elementor-element-populated\">\n\t\t\t\t\t\t<div class=\"elementor-element elementor-element-6c9b4f4 elementor-widget elementor-widget-html\" data-id=\"6c9b4f4\" data-element_type=\"widget\" data-e-type=\"widget\" data-widget_type=\"html.default\">\n\t\t\t\t<div class=\"elementor-widget-container\">\n\t\t\t\t\t<script>\r\n\t\tfunction decryptCharcode(n,start,end,offset) {\r\n\t\t\tn = n + offset;\r\n\t\t\tif (offset > 0 && n > end) {\r\n\t\t\t\tn = start + (n - end - 1);\r\n\t\t\t} else if (offset < 0 && n < start) {\r\n\t\t\t\tn = end - (start - n - 1);\r\n\t\t\t}\r\n\t\t\treturn String.fromCharCode(n);\r\n\t\t}\r\n\t\t\t\/\/ decrypt string\r\n\t\tfunction decryptString(enc,offset) {\r\n\t\t\tvar dec = \"\";\r\n\t\t\tvar len = enc.length;\r\n\t\t\tfor(var i=0; i < len; i++) {\r\n\t\t\t\tvar n = enc.charCodeAt(i);\r\n\t\t\t\tif (n >= 0x2B && n <= 0x3A) {\r\n\t\t\t\t\tdec += decryptCharcode(n,0x2B,0x3A,offset);\t\/\/ 0-9 . , - + \/ :\r\n\t\t\t\t} else if (n >= 0x40 && n <= 0x5A) {\r\n\t\t\t\t\tdec += decryptCharcode(n,0x40,0x5A,offset);\t\/\/ A-Z @\r\n\t\t\t\t} else if (n >= 0x61 && n <= 0x7A) {\r\n\t\t\t\t\tdec += decryptCharcode(n,0x61,0x7A,offset);\t\/\/ a-z\r\n\t\t\t\t} else {\r\n\t\t\t\t\tdec += enc.charAt(i);\r\n\t\t\t\t}\r\n\t\t\t}\r\n\t\t\treturn dec;\r\n\t\t}\r\n\t\t\t\/\/ decrypt spam-protected emails\r\n\t\tfunction linkTo_UnCryptMailto(s) {\r\n\t\t\tlocation.href = decryptString(s,-1);\r\n\t\t}\r\n\t<\/script>\t\t\t\t<\/div>\n\t\t\t\t<\/div>\n\t\t\t\t<div class=\"elementor-element elementor-element-38a5e71f elementor-widget elementor-widget-text-editor\" data-id=\"38a5e71f\" data-element_type=\"widget\" data-e-type=\"widget\" data-widget_type=\"text-editor.default\">\n\t\t\t\t<div class=\"elementor-widget-container\">\n\t\t\t\t\t\t\t\t\t\n<h2>Information in accordance with section \u00a75 TMG<\/h2>\n<p>empirica Gesellschaft f\u00fcr Kommunikations- und Technologieforschung mbh<br \/>Oxfordstr. 2<br \/>53111 Bonn<\/p>\n<h3>Represented by<\/h3>\n<p>Dr. Velitchka Stroetmann<br \/>Dr. Rainer Thiel<\/p>\n<h2>Contact<\/h2>\n<p>Telephone: +49 228 985300<br \/>E-Mail: <a href=\"javascript:linkTo_UnCryptMailto('nbjmup+jogpAfnqjsjdb\\\/dpn');\">info@empirica(dot)com<\/a>\n<br \/>Internetadresse:\u00a0<a href=\"https:\/\/www.empirica.com\/\" target=\"_blank\" rel=\"noreferrer noopener\">www.empirica.com<\/a><\/p>\n<h2>Register entry<\/h2>\n<p>Entry in\u00a0 Handelsregister<br \/>Register Number: HRB 4686<br \/>Register Court: Amtsgericht Bonn<\/p>\n<h2>VAT number<\/h2>\n<p>VAT identification number in accordance with section 27 a of the German VAT act<br \/>DE 122113895<\/p>\n<h2>Disclaimer<\/h2>\n<h3>Accountability for content<\/h3>\n<p>The contents of our pages have been created with the utmost care. However, we cannot guarantee the contents\u2019 accuracy, completeness or topicality. According to statutory provisions, we are furthermore responsible for our own content on these web pages. In this context, please note that we are accordingly not obliged to monitor merely the transmitted or saved information of third parties, or investigate circumstances pointing to illegal activity. Our obligations to remove or block the use of information under generally applicable laws remain unaffected by this as per \u00a7\u00a7 8 to 10 of the Telemedia Act (TMG).<\/p>\n<h3>Accountability for links<\/h3>\n<p>Responsibility for the content of external links (to web pages of third parties) lies solely with the operators of the linked pages. No violations were evident to us at the time of linking. Should any legal infringement become known to us, we will remove the respective link immediately.<\/p>\n<h2>Copyright<\/h2>\n<p>Our web pages and their contents are subject to German copyright law. Unless expressly permitted by law (\u00a7 44a et seq. of the copyright law), every form of utilizing, reproducing or processing works subject to copyright protection on our web pages requires the prior consent of the respective owner of the rights. Individual reproductions of a work are allowed only for private use, so must not serve either directly or indirectly for earnings. Unauthorized utilization of copyrighted works is punishable (\u00a7 106 of the copyright law).<\/p>\n<p>(German Version)<\/p>\n<h2>Angaben gem\u00e4\u00df \u00a7 5 TMG<\/h2>\n<p>empirica Gesellschaft f\u00fcr Kommunikations- und Technologieforschung<br \/>Oxfordstr. 2<br \/>53111 Bonn<\/p>\n<h3>Vertreten durch<\/h3>\n<p>Dr. Velitchka Stroetmann<br \/>Dr. Rainer Thiel<\/p>\n<h2>Kontakt<\/h2>\n<p>Telefon: +49 228 985300<br \/>E-Mail:\u00a0<a>info@empirica(dot)com<\/a><br \/>Internetadresse:\u00a0<a href=\"https:\/\/www.empirica.com\/\" target=\"_blank\" rel=\"noreferrer noopener\">www.empirica.com<\/a><\/p>\n<h2>Registereintrag<\/h2>\n<p>Eintragung im\u00a0 Handelsregister<br \/>Registernummer: HRB 4686<br \/>Registergericht: Amtsgericht Bonn<\/p>\n<h2>Umsatzsteuer-ID<\/h2>\n<p>Umsatzsteuer-Identifikationsnummer gem\u00e4\u00df \u00a727 a Umsatzsteuergesetz<br \/>DE 122113895<\/p>\n<h2>Haftungsausschluss<\/h2>\n<h3>Haftung f\u00fcr Inhalte<\/h3>\n<p>Die Inhalte unserer Seiten wurden mit gr\u00f6\u00dfter Sorgfalt erstellt. F\u00fcr die Richtigkeit, Vollst\u00e4ndigkeit und Aktualit\u00e4t der Inhalte k\u00f6nnen wir jedoch keine Gew\u00e4hr \u00fcbernehmen. Als Diensteanbieter sind wir gem\u00e4\u00df \u00a7 7 Abs.1 TMG f\u00fcr eigene Inhalte auf diesen Seiten nach den allgemeinen Gesetzen verantwortlich. Nach \u00a7\u00a7 8 bis 10 TMG sind wir als Diensteanbieter jedoch nicht verpflichtet, \u00fcbermittelte oder gespeicherte fremde Informationen zu \u00fcberwachen oder nach Umst\u00e4nden zu forschen, die auf eine rechtswidrige T\u00e4tigkeit hinweisen. Verpflichtungen zur Entfernung oder Sperrung der Nutzung von Informationen nach den allgemeinen Gesetzen bleiben hiervon unber\u00fchrt. Eine diesbez\u00fcgliche Haftung ist jedoch erst ab dem Zeitpunkt der Kenntnis einer konkreten Rechtsverletzung m\u00f6glich. Bei Bekanntwerden von entsprechenden Rechtsverletzungen werden wir diese Inhalte umgehend entfernen.<\/p>\n<h3>Haftung f\u00fcr Links<\/h3>\n<p>Unser Angebot enth\u00e4lt Links zu externen Webseiten Dritter, auf deren Inhalte wir keinen Einfluss haben. Deshalb k\u00f6nnen wir f\u00fcr diese fremden Inhalte auch keine Gew\u00e4hr \u00fcbernehmen. F\u00fcr die Inhalte der verlinkten Seiten ist stets der jeweilige Anbieter oder Betreiber der Seiten verantwortlich. Die verlinkten Seiten wurden zum Zeitpunkt der Verlinkung auf m\u00f6gliche Rechtsverst\u00f6\u00dfe \u00fcberpr\u00fcft. Rechtswidrige Inhalte waren zum Zeitpunkt der Verlinkung nicht erkennbar. Eine permanente inhaltliche Kontrolle der verlinkten Seiten ist jedoch ohne konkrete Anhaltspunkte einer Rechtsverletzung nicht zumutbar. Bei Bekanntwerden von Rechtsverletzungen werden wir derartige Links umgehend entfernen.<\/p>\n<h2>Urheberrecht<\/h2>\n<p>Die durch die Seitenbetreiber erstellten bzw. verwendeten Inhalte und Werke auf diesen Seiten unterliegen dem deutschen Urheberrecht. Die Vervielf\u00e4ltigung, Bearbeitung, Verbreitung und jede Art der Verwertung au\u00dferhalb der Grenzen des Urheberrechtes bed\u00fcrfen der Zustimmung des jeweiligen Autors bzw. Erstellers. Downloads und Kopien dieser Seite sind nur f\u00fcr den privaten, nicht kommerziellen Gebrauch gestattet. Soweit die Inhalte auf dieser Seite nicht vom Betreiber erstellt wurden, werden die Urheberrechte Dritter beachtet. Insbesondere werden Inhalte Dritter als solche gekennzeichnet. Sollten Sie trotzdem auf eine Urheberrechtsverletzung aufmerksam werden, bitten wir um einen entsprechenden Hinweis. Bei Bekanntwerden von Rechtsverletzungen werden wir derartige Inhalte umgehend entfernen.<\/p>\n<p>Quelle:\u00a0\u00a0<a href=\"https:\/\/www.muster-vorlagen.net\/\" target=\"_blank\" rel=\"noreferrer noopener\">www.Muster-Vorlagen.net \u2013 Impressum Generator<\/a><\/p>\t\t\t\t\t\t\t\t<\/div>\n\t\t\t\t<\/div>\n\t\t\t\t\t<\/div>\n\t\t<\/div>\n\t\t\t\t\t<\/div>\n\t\t<\/section>\n\t\t\t\t<\/div>\n\t\t","protected":false},"excerpt":{"rendered":"<p>Imprint Information in accordance with section \u00a75 TMG empirica Gesellschaft f\u00fcr Kommunikations- und Technologieforschung mbhOxfordstr. 253111 Bonn Represented by Dr. Velitchka StroetmannDr. Rainer Thiel Contact Telephone: +49 228 985300E-Mail: info@empirica(dot)com Internetadresse:\u00a0www.empirica.com Register entry Entry in\u00a0 HandelsregisterRegister Number: HRB 4686Register Court: Amtsgericht Bonn VAT number VAT identification number in accordance with section 27 a of the [&hellip;]<\/p>\n","protected":false},"author":1,"featured_media":0,"parent":0,"menu_order":0,"comment_status":"closed","ping_status":"closed","template":"","meta":{"_acf_changed":false,"footnotes":""},"class_list":["post-92","page","type-page","status-publish","hentry"],"acf":[],"yoast_head":"<!-- This site is optimized with the Yoast SEO plugin v27.4 - https:\/\/yoast.com\/product\/yoast-seo-wordpress\/ -->\n<title>Imprint - Leadership2019<\/title>\n<meta name=\"robots\" content=\"index, follow, max-snippet:-1, max-image-preview:large, max-video-preview:-1\" \/>\n<link rel=\"canonical\" href=\"https:\/\/leadership2019.empirica.de\/index.php\/imprint\/\" \/>\n<meta property=\"og:locale\" content=\"en_US\" \/>\n<meta property=\"og:type\" content=\"article\" \/>\n<meta property=\"og:title\" content=\"Imprint - Leadership2019\" \/>\n<meta property=\"og:description\" content=\"Imprint Information in accordance with section \u00a75 TMG empirica Gesellschaft f\u00fcr Kommunikations- und Technologieforschung mbhOxfordstr. 253111 Bonn Represented by Dr. Velitchka StroetmannDr. Rainer Thiel Contact Telephone: +49 228 985300E-Mail: info@empirica(dot)com Internetadresse:\u00a0www.empirica.com Register entry Entry in\u00a0 HandelsregisterRegister Number: HRB 4686Register Court: Amtsgericht Bonn VAT number VAT identification number in accordance with section 27 a of the [&hellip;]\" \/>\n<meta property=\"og:url\" content=\"https:\/\/leadership2019.empirica.de\/index.php\/imprint\/\" \/>\n<meta property=\"og:site_name\" content=\"Leadership2019\" \/>\n<meta property=\"article:modified_time\" content=\"2021-05-05T08:41:32+00:00\" \/>\n<meta name=\"twitter:card\" content=\"summary_large_image\" \/>\n<meta name=\"twitter:label1\" content=\"Est. reading time\" \/>\n\t<meta name=\"twitter:data1\" content=\"4 minutes\" \/>\n<script type=\"application\/ld+json\" class=\"yoast-schema-graph\">{\"@context\":\"https:\\\/\\\/schema.org\",\"@graph\":[{\"@type\":\"WebPage\",\"@id\":\"https:\\\/\\\/leadership2019.empirica.de\\\/index.php\\\/imprint\\\/\",\"url\":\"https:\\\/\\\/leadership2019.empirica.de\\\/index.php\\\/imprint\\\/\",\"name\":\"Imprint - Leadership2019\",\"isPartOf\":{\"@id\":\"https:\\\/\\\/leadership2019.empirica.de\\\/#website\"},\"datePublished\":\"2021-05-04T14:56:37+00:00\",\"dateModified\":\"2021-05-05T08:41:32+00:00\",\"breadcrumb\":{\"@id\":\"https:\\\/\\\/leadership2019.empirica.de\\\/index.php\\\/imprint\\\/#breadcrumb\"},\"inLanguage\":\"en-US\",\"potentialAction\":[{\"@type\":\"ReadAction\",\"target\":[\"https:\\\/\\\/leadership2019.empirica.de\\\/index.php\\\/imprint\\\/\"]}]},{\"@type\":\"BreadcrumbList\",\"@id\":\"https:\\\/\\\/leadership2019.empirica.de\\\/index.php\\\/imprint\\\/#breadcrumb\",\"itemListElement\":[{\"@type\":\"ListItem\",\"position\":1,\"name\":\"Home\",\"item\":\"https:\\\/\\\/leadership2019.empirica.de\\\/\"},{\"@type\":\"ListItem\",\"position\":2,\"name\":\"Imprint\"}]},{\"@type\":\"WebSite\",\"@id\":\"https:\\\/\\\/leadership2019.empirica.de\\\/#website\",\"url\":\"https:\\\/\\\/leadership2019.empirica.de\\\/\",\"name\":\"Leadership2019\",\"description\":\"European Conference\",\"potentialAction\":[{\"@type\":\"SearchAction\",\"target\":{\"@type\":\"EntryPoint\",\"urlTemplate\":\"https:\\\/\\\/leadership2019.empirica.de\\\/?s={search_term_string}\"},\"query-input\":{\"@type\":\"PropertyValueSpecification\",\"valueRequired\":true,\"valueName\":\"search_term_string\"}}],\"inLanguage\":\"en-US\"}]}<\/script>\n<!-- \/ Yoast SEO plugin. -->","yoast_head_json":{"title":"Imprint - Leadership2019","robots":{"index":"index","follow":"follow","max-snippet":"max-snippet:-1","max-image-preview":"max-image-preview:large","max-video-preview":"max-video-preview:-1"},"canonical":"https:\/\/leadership2019.empirica.de\/index.php\/imprint\/","og_locale":"en_US","og_type":"article","og_title":"Imprint - Leadership2019","og_description":"Imprint Information in accordance with section \u00a75 TMG empirica Gesellschaft f\u00fcr Kommunikations- und Technologieforschung mbhOxfordstr. 253111 Bonn Represented by Dr. Velitchka StroetmannDr. Rainer Thiel Contact Telephone: +49 228 985300E-Mail: info@empirica(dot)com Internetadresse:\u00a0www.empirica.com Register entry Entry in\u00a0 HandelsregisterRegister Number: HRB 4686Register Court: Amtsgericht Bonn VAT number VAT identification number in accordance with section 27 a of the [&hellip;]","og_url":"https:\/\/leadership2019.empirica.de\/index.php\/imprint\/","og_site_name":"Leadership2019","article_modified_time":"2021-05-05T08:41:32+00:00","twitter_card":"summary_large_image","twitter_misc":{"Est. reading time":"4 minutes"},"schema":{"@context":"https:\/\/schema.org","@graph":[{"@type":"WebPage","@id":"https:\/\/leadership2019.empirica.de\/index.php\/imprint\/","url":"https:\/\/leadership2019.empirica.de\/index.php\/imprint\/","name":"Imprint - Leadership2019","isPartOf":{"@id":"https:\/\/leadership2019.empirica.de\/#website"},"datePublished":"2021-05-04T14:56:37+00:00","dateModified":"2021-05-05T08:41:32+00:00","breadcrumb":{"@id":"https:\/\/leadership2019.empirica.de\/index.php\/imprint\/#breadcrumb"},"inLanguage":"en-US","potentialAction":[{"@type":"ReadAction","target":["https:\/\/leadership2019.empirica.de\/index.php\/imprint\/"]}]},{"@type":"BreadcrumbList","@id":"https:\/\/leadership2019.empirica.de\/index.php\/imprint\/#breadcrumb","itemListElement":[{"@type":"ListItem","position":1,"name":"Home","item":"https:\/\/leadership2019.empirica.de\/"},{"@type":"ListItem","position":2,"name":"Imprint"}]},{"@type":"WebSite","@id":"https:\/\/leadership2019.empirica.de\/#website","url":"https:\/\/leadership2019.empirica.de\/","name":"Leadership2019","description":"European Conference","potentialAction":[{"@type":"SearchAction","target":{"@type":"EntryPoint","urlTemplate":"https:\/\/leadership2019.empirica.de\/?s={search_term_string}"},"query-input":{"@type":"PropertyValueSpecification","valueRequired":true,"valueName":"search_term_string"}}],"inLanguage":"en-US"}]}},"_links":{"self":[{"href":"https:\/\/leadership2019.empirica.de\/index.php\/wp-json\/wp\/v2\/pages\/92","targetHints":{"allow":["GET"]}}],"collection":[{"href":"https:\/\/leadership2019.empirica.de\/index.php\/wp-json\/wp\/v2\/pages"}],"about":[{"href":"https:\/\/leadership2019.empirica.de\/index.php\/wp-json\/wp\/v2\/types\/page"}],"author":[{"embeddable":true,"href":"https:\/\/leadership2019.empirica.de\/index.php\/wp-json\/wp\/v2\/users\/1"}],"replies":[{"embeddable":true,"href":"https:\/\/leadership2019.empirica.de\/index.php\/wp-json\/wp\/v2\/comments?post=92"}],"version-history":[{"count":31,"href":"https:\/\/leadership2019.empirica.de\/index.php\/wp-json\/wp\/v2\/pages\/92\/revisions"}],"predecessor-version":[{"id":271,"href":"https:\/\/leadership2019.empirica.de\/index.php\/wp-json\/wp\/v2\/pages\/92\/revisions\/271"}],"wp:attachment":[{"href":"https:\/\/leadership2019.empirica.de\/index.php\/wp-json\/wp\/v2\/media?parent=92"}],"curies":[{"name":"wp","href":"https:\/\/api.w.org\/{rel}","templated":true}]}}