{"id":94,"date":"2021-05-04T14:56:54","date_gmt":"2021-05-04T14:56:54","guid":{"rendered":"https:\/\/leadership2019.empirica.de\/?page_id=94"},"modified":"2021-05-05T08:51:00","modified_gmt":"2021-05-05T08:51:00","slug":"privacy-statement","status":"publish","type":"page","link":"https:\/\/leadership2019.empirica.de\/index.php\/privacy-statement\/","title":{"rendered":"Privacy statement"},"content":{"rendered":"\t\t<div data-elementor-type=\"wp-page\" data-elementor-id=\"94\" class=\"elementor elementor-94\">\n\t\t\t\t\t\t<section class=\"elementor-section elementor-top-section elementor-element elementor-element-2b5b9b72 elementor-section-height-min-height elementor-section-boxed elementor-section-height-default elementor-section-items-middle\" data-id=\"2b5b9b72\" data-element_type=\"section\" data-e-type=\"section\" data-settings=\"{&quot;background_background&quot;:&quot;classic&quot;}\">\n\t\t\t\t\t\t\t<div class=\"elementor-background-overlay\"><\/div>\n\t\t\t\t\t\t\t<div class=\"elementor-container elementor-column-gap-default\">\n\t\t\t\t\t<div class=\"elementor-column elementor-col-100 elementor-top-column elementor-element elementor-element-5a211ac2\" data-id=\"5a211ac2\" data-element_type=\"column\" data-e-type=\"column\">\n\t\t\t<div class=\"elementor-widget-wrap elementor-element-populated\">\n\t\t\t\t\t\t\t<\/div>\n\t\t<\/div>\n\t\t\t\t\t<\/div>\n\t\t<\/section>\n\t\t\t\t<section class=\"elementor-section elementor-top-section elementor-element elementor-element-696da848 elementor-section-boxed elementor-section-height-default elementor-section-height-default\" data-id=\"696da848\" data-element_type=\"section\" data-e-type=\"section\">\n\t\t\t\t\t\t<div class=\"elementor-container elementor-column-gap-default\">\n\t\t\t\t\t<div class=\"elementor-column elementor-col-100 elementor-top-column elementor-element elementor-element-74041f33\" data-id=\"74041f33\" data-element_type=\"column\" data-e-type=\"column\">\n\t\t\t<div class=\"elementor-widget-wrap elementor-element-populated\">\n\t\t\t\t\t\t<div class=\"elementor-element elementor-element-67429784 elementor-widget elementor-widget-text-editor\" data-id=\"67429784\" data-element_type=\"widget\" data-e-type=\"widget\" data-widget_type=\"text-editor.default\">\n\t\t\t\t<div class=\"elementor-widget-container\">\n\t\t\t\t\t\t\t\t\t\n<h2 class=\"wp-block-heading\">Introduction<\/h2>\n\n\n\n<p>The protection of personal data is important to us. For this reason, this website is operated in accordance with applicable law on data protection and data security. In particular this concerns the General Data Protection Regulation (GDPR), the Bundesdatenschutzgesetz (BDSG) and the Telemediengesetz (TMG). We collect, process and use personal data for a number of purposes, in particular, to provide you on this website with content and services of interest.<\/p>\n\n\n\n<h2 class=\"wp-block-heading\">Agreement<\/h2>\n\n\n\n<p>By using this Website, you consent to the collection and use of the information as described here. If we decide to make changes to this Privacy Statement, we will post the changes on this site so that you will always know what information we collect, and how we use it.<\/p>\n\n\n\n<p>From time to time, as may be required by applicable law, we may also seek your explicit consent to process certain data and information collected on this website or volunteered by you.<\/p>\n\n\n\n<h2 class=\"wp-block-heading\">Collection and use of personal information<\/h2>\n\n\n\n<p>To provide a good service, we collect personal information using common Internet technologies and through requests to you for information.<\/p>\n\n\n\n<p>When you visit our web site, we may record your IP address and use cookies and other Internet technologies to gather general information about our visitors and their interests.<\/p>\n\n\n\n<p>We may further collect and process any information and data that you volunteer to us, e.g. when you register for events, use a contact form, subscribe to newsletters, participate in online surveys, discussion groups or forums.<\/p>\n\n\n\n<h2 class=\"wp-block-heading\">IP addresses<\/h2>\n\n\n\n<p>We use IP addresses to help diagnose problems, to administer our website, and to gather statistical information. We may also use IP addresses or other information you have shared on this website or at any earlier occasion, to determine which pages on our sites are being visited and topics that may be of interest so we can provide you with relevant information.<\/p>\n\n\n\n<p>We do not track or collect personal information from your visits to websites of other companies or entities.<\/p>\n\n\n\n<h2 class=\"wp-block-heading\">Automated tools<\/h2>\n\n\n\n<p>In addition to IP addresses and the information you provide, we may also collect information during your visit to our website through automated tools, which include Web beacons, cookies, embedded Web links, and other commonly used information-gathering tools. These tools collect certain standard information that your browser sends to our website such as your browser type and language, access times, and the address of the website from which you arrived at our website. Using these tools, we are also able to confirm receipt of e-mails and can track other information such as pages visited on our website and whether or not the recipient registers for an event.<\/p>\n\n\n\n<h2 class=\"wp-block-heading\">Cookies<\/h2>\n\n\n\n<p>We use cookies to deliver personalized content, to save you having to re-enter your password repeatedly, and to tailor our information offerings to how you and others use the site.<\/p>\n\n\n\n<p>You can use our website without cookies. This may lead to certain content not being displayed correctly and certain functionalities not behaving in the expected manner.<\/p>\n\n\n\n<h2 class=\"wp-block-heading\">Contact forms and event registration<\/h2>\n\n\n\n<p>Our site includes forms that you can fill in to request information or contact us for other purposes. Forms may also be used to register for events. Data will be used for the purpose clear from the form and it may be necessary to transfer data to third parties to fulfill that purpose.<\/p>\n\n\n\n<h2 class=\"wp-block-heading\">Security<\/h2>\n\n\n\n<p>We are committed to protecting the personal data you share with us. We use a combination of industry-standard security technologies, procedures, and organizational measures to help protect your personal data from unauthorized access, use or disclosure. Measures include secure server technology. Security arrangements and facilities are in place to prevent abuse.<\/p>\n\n\n\n<h2 class=\"wp-block-heading\">Social Media<\/h2>\n\n\n\n<p>Our website offers Social Media Buttons which support interaction with various social media services (e.g. Facebook, Twitter, Google+). Any such social media service will only receive information from you directly and only if you choose to click on the respective button.<\/p>\n\n\n\n<p>To find out how a social media service collects and uses data, please refer to their website.<\/p>\n\n\n\n<h2 class=\"wp-block-heading\">Links to other sites<\/h2>\n\n\n\n<p>This site may contain links to other sites. We are not responsible for the privacy practices or the content of websites of third parties.<\/p>\n\n\n\n<h2 class=\"wp-block-heading\">Questions and exercising user rights<\/h2>\n\n\n\n<p>If you have questions concerning data protection on this website, require information about the data being stored about you, wish to correct data, object to data being processed, withdraw consent or restrict data use, please contact us at Oxfordstr. 2, 53111 Bonn, Germany.<\/p>\n\n\n\n<h2 class=\"wp-block-heading\">Piwik\/Matomo<\/h2>\n\n\n\n<p>This website uses the open source software Piwik\/Matomo for the analysis of web statistics. Please activate the \u201cDo-Not-Track\u201d function on your browser if you do not wish that your visit is included in statistics.<\/p>\n\n\n\n<h2 class=\"wp-block-heading\">Processing of personal data and your rights<\/h2>\n\n\n\n<p>Personal data are processed by empirica Gesellschaft f\u00fcr Kommunikations- und Technologieforschung mbH whose registered address is Oxfordstr. 2, 53111 Bonn, Germany. The purpose in processing personal data is to reach as many people as may wish to contribute to or learn the results of our research, consultancy and other work. Processing is necessary for the purposes of legitimate interests pursued by empirica, in particular for research, consultancy and other work for clients in the public and private sector. The categories of personal data concerned is general personal information such as name, address and e-mail address. The data may be shared with clients and project partners if this is necessary for carrying out our research, consultancy and other work, including such as for event organisation or survey administration. Personal information is never processed for longer than necessary. All general personal data is deleted at the latest when it loses relevance for the purposes of our research, consultancy and other work. You may request access to personal data collected and stored, as well as rectification, restriction or erasure of personal data, and may lodge an objection to processing. You also have the right to data portability and the right to lodge a complaint with a data protection authority. The data we process originate from various sources, including registration and participation in one of our events or in public events organised for example by the European Commission, collaboration in our projects, and from publicly accessible sources such as information provided on the internet. For more detail on the rights of data subjects please refer to information from the European Commission.<\/p>\n\n\n\n<p>(German Version)<\/p>\n\n\n\n<h2 class=\"wp-block-heading\">Einleitung<\/h2>\n\n\n\n<p>Der Schutz personenbezogener Daten ist uns ein wichtiges Anliegen. Deshalb betreiben wir diese Internetseite in \u00dcbereinstimmung mit den geltenden Gesetzen zum Datenschutz und zur Datensicherheit. Wir unterliegen insbesondere den Bestimmungen der General Data Protection Regulation (GDPR), des Bundesdatenschutzgesetzes (BDSG) und des Telemediengesetzes (TMG). Wir erheben, verarbeiten und nutzen personenbezogene Daten f\u00fcr mehrere Zwecke, vor allem, um Ihnen auf dieser Webseite f\u00fcr Sie relevante Inhalte und Dienste bereitstellen zu k\u00f6nnen.<\/p>\n\n\n\n<h2 class=\"wp-block-heading\">Einwilligung<\/h2>\n\n\n\n<p>Mit der Nutzung dieser Website stimmen Sie der nachfolgend beschriebenen Speicherung und Nutzung Ihrer Daten zu. \u00c4nderungen dieser Datenschutzerkl\u00e4rung werden stets auf dieser Seite bekanntgegeben, so dass Sie immer dar\u00fcber informiert sind, welche Daten gespeichert und wie diese genutzt werden.<\/p>\n\n\n\n<p>Wo anwendbares Datenschutzrecht dies erfordert, werden wir Sie \u00fcberdies ausdr\u00fccklich um Ihre Zustimmung f\u00fcr die weitere Verarbeitung der auf dieser Webseite gesammelten oder von Ihnen zur Verf\u00fcgung gestellten personenbezogenen Daten ersuchen.<\/p>\n\n\n\n<h2 class=\"wp-block-heading\">Erhebung und Verarbeitung personenbezogener Daten<\/h2>\n\n\n\n<p>Um einen optimalen Service bieten zu k\u00f6nnen, sammeln wir \u00fcber g\u00e4ngige Internettechnologien und an Sie gerichtete Anfragen personenbezogene Informationen .<\/p>\n\n\n\n<p>Wenn Sie unsere Website besuchen, erfassen wir Ihre IP-Adresse und setzen Cookies sowie andere Internettechnologien ein, mit deren Hilfe sich allgemeine Informationen \u00fcber die Besucher unserer Website und deren Interessen gewinnen lassen.<\/p>\n\n\n\n<p>Zudem erfassen und verarbeiten wir Daten, die Sie uns freiwillig mitteilen, beispielsweise wenn Sie sich zu Veranstaltungen anmelden, Kontaktformulare nutzen, Newsletter abonnieren, an Onlineumfragen teilnehmen, oder Diskussionsgruppen- oder Diskussionsforen beitreten.<\/p>\n\n\n\n<h2 class=\"wp-block-heading\">IP Adressen<\/h2>\n\n\n\n<p>IP-Adressen werden zur Analyse von Funktionsst\u00f6rungen, f\u00fcr die Verwaltung der Website und zur Erlangung statistischer Informationen verwendet. Ferner verwenden wir IP-Adressen und gegebenenfalls andere Informationen, die Sie uns auf dieser Webseite oder bei anderer Gelegenheit zur Verf\u00fcgung gestellt haben, welche Seiten aus unserem Angebot aufgerufen werden und welche Themen unsere Besucher interessieren. Die gewonnenen Erkenntnisse nutzen wir, um Ihnen ein optimiertes Informationsangebot bieten zu k\u00f6nnen.<\/p>\n\n\n\n<p>Wir erfassen keine pers\u00f6nlichen Daten im Rahmen Ihrer Besuche auf den Websites anderer Unternehmen oder Organisationen.<\/p>\n\n\n\n<h2 class=\"wp-block-heading\">Automatisierte Verfahren<\/h2>\n\n\n\n<p>Nebenden IP Adressen und&nbsp; solchen Informationen, die Sie selbst \u00fcbermitteln, sammeln wir w\u00e4hrend Ihres Besuchs unter Umst\u00e4nden auch Daten mithilfe automatisierter Verfahren, wie Z\u00e4hlpixeln, Cookies, integrierten Weblinks oder anderen, allgemein gebr\u00e4uchlichen Methoden. Gesammelt werden Standardinformationen, die Ihr Browser an unsere Website sendet, wie zum Beispiel Ihren Browsertyp und Ihre Spracheeinstellungen, Zugriffszeiten oder die Adresse derjenigen Website, die Sie auf diese Internetseite verwiesen hat. Ferner k\u00f6nnen wir mithilfe dieser Methoden auch den Abruf personalisierter E-Mails registrieren sowie andere Informationen, wie zum Beispiel welche Internetseiten die Empf\u00e4nger besucht haben und ob sie sich f\u00fcr eine Veranstaltung anmelden.<\/p>\n\n\n\n<h2 class=\"wp-block-heading\">Cookies<\/h2>\n\n\n\n<p>Cookies werden zur Anzeige personalisierter Inhalte verwendet, um Ihnen wiederholte Passworteingaben zu ersparen, und dazu das Informationsangebot an Ihr Benutzerverhalten anzupassen.<\/p>\n\n\n\n<p>Eine Nutzung unserer Angebote ist auch ohne Cookies m\u00f6glich. Bitte beachten Sie, dass Sie ggf. mit einer eingeschr\u00e4nkten Darstellung der jeweiligen Seite und mit einer eingeschr\u00e4nkten Benutzerf\u00fchrung rechnen m\u00fcssen.<\/p>\n\n\n\n<h2 class=\"wp-block-heading\">Kontaktformulare und Anmeldung f\u00fcr Veranstaltungen<\/h2>\n\n\n\n<p>Unsere Website enth\u00e4lt Formulare, die Sie ausf\u00fcllen k\u00f6nnen, um Informationen anzufordern oder zu anderem Zweck mit uns in Kontakt zu treten. \u00dcber Formulare werden gegebenenfalls auch Informationen zur Registrierung bei Veranstaltungen erfasst. Diese Daten werden von uns f\u00fcr den jeweils in dem Formular dargestellten Zweck verarbeitet und es kann hierf\u00fcr erforderlich sein Daten an Dritte weiterzugegeben, um diesen Zweck zu erf\u00fcllen.<\/p>\n\n\n\n<h2 class=\"wp-block-heading\">Sicherheit<\/h2>\n\n\n\n<p>Der Schutz Ihrer pers\u00f6nlichen Daten ist uns ein wichtiges Anliegen. Um pers\u00f6nliche Daten wirkungsvoll vor unberechtigtem Zugriff, Missbrauch oder Offenlegung zu sch\u00fctzen, verwenden wir g\u00e4ngige Sicherheitsverfahren und \u2013Technologien. Verwendete Ma\u00dfnahmen beinhalten den Einsatz von Secure Server Technologie. Sicherheitsverfahren zur Verhinderung von Missbrauch sind verf\u00fcgbar.<\/p>\n\n\n\n<h2 class=\"wp-block-heading\">Social Media<\/h2>\n\n\n\n<p>Unsere Internetseite bietet Ihnen Social Media Buttons, die eine Interaktion mit mehreren sozialen Diensten erm\u00f6glichen (z.B. Facebook, Twitter, Google+). Jeder dieser Dienste erh\u00e4lt Informationen nur direct von Ihnen und auch nur, wenn Sie sich f\u00fcr einen Klick auf den Link zu den Diensten entscheiden.<\/p>\n\n\n\n<p>Um herauszufinden, wie diese Social Media Dienste Daten sammeln und verarbeiten, entnehmen Sie bitte deren Internetseiten.<\/p>\n\n\n\n<h2 class=\"wp-block-heading\">Links auf andere Webseiten<\/h2>\n\n\n\n<p>Unsere Website enth\u00e4lt m\u00f6glicherweise Links auf die Websites von Drittanbietern. Wir sind nicht verantwortlich f\u00fcr die Datenschutzvorkehrungen oder den Inhalt von Websites Dritter.<\/p>\n\n\n\n<h2 class=\"wp-block-heading\">Fragen &amp; Aus\u00fcbung von Nutzerrechten<\/h2>\n\n\n\n<p>Wenn Sie Fragen zum Datenschutz dieser Internetseite haben, Auskunft \u00fcber die \u00fcber Sie gespeicherten personenbezogenen Daten haben m\u00f6chten, Daten ge\u00e4ndert haben m\u00f6chten, Einspruch gegen die Verarbeitung von Daten erheben m\u00f6chten, Ihre Zustimmung widerrufen oder die Nutzung der Daten einschr\u00e4nken m\u00f6chten, kontaktieren Sie uns bitte&nbsp; unter Oxfordstr. 2, 53111 Bonn, Deutschland.<\/p>\n\n\n\n<h2 class=\"wp-block-heading\">Piwik\/Matomo<\/h2>\n\n\n\n<p>Diese Website nutzt die Open-Source-Software Piwik\/Matomo f\u00fcr die statistische Auswertung von Besucherzugriffen.<\/p>\n\n\n\n<p>Bitte aktivieren Sie die \u201cDo-Not-Track\u201d-Technik in Ihrem Browser, wenn Sie nicht wollen, dass Daten Ihres Besuchs der Website f\u00fcr die statistische Auswertung erfasst werden.<\/p>\n\n\n\n<p>Verarbeitung personenbezogener Daten gem\u00e4\u00df der Datenschutz-Grundverordnung (DSGVO)<\/p>\n\n\n\n<p>Personenbezogene Daten werden von der empirica Gesellschaft f\u00fcr Kommunikations- und Technologieforschung mbH, Oxfordstr. 2, 53111 Bonn, Deutschland, verarbeitet. Der Zweck der Verarbeitung personenbezogener Daten besteht darin, all diejenigen zu erreichen, die zu den Ergebnissen unserer Forschung, Beratung und anderen Arbeiten beitragen oder dar\u00fcber mehr erfahren m\u00f6chten. Die Verarbeitung erfolgt gem\u00e4\u00df Art. 6 (1f) DSVGO im berechtigten Interesse von empirica, insbesondere f\u00fcr Forschungs-, Beratungs- und andere Auftr\u00e4ge im \u00f6ffentlichen und privaten Sektor.Die Kategorie personenbezogener Daten umfasst ausschlie\u00dflich allgemeine personenbezogene Daten wie Name, Adresse, E-Mail-Adresse und Teilnahme an von empirica organisierten Veranstaltungen. Wenn dies f\u00fcr die Durchf\u00fchrung unserer Forschungs-, Beratungs- und anderer Auftr\u00e4ge, einschlie\u00dflich der Organisation von Veranstaltungen und der Durchf\u00fchrung von Umfragen, erforderlich ist, werden die Daten mit Kunden und Projektpartnern geteilt. Personenbezogene Daten werden nicht l\u00e4nger als notwendig verarbeitet und sp\u00e4testens dann gel\u00f6scht, wenn sie f\u00fcr unsere Forschungs-, Beratungs- und andere Auftr\u00e4ge nicht mehr notwendig sind.Sie haben das Recht, \u00fcber die von uns verarbeiteten Daten Auskunft zu erhalten, deren Berichtigung, Einschr\u00e4nkung oder L\u00f6schung zu verlangen und Widerspruch gegen die Speicherung und Verarbeitung einzulegen. Sie haben auch das Recht auf Daten\u00fcbertragbarkeit und das Recht, eine Beschwerde bei einer Datenschutzbeh\u00f6rde einzureichen.<\/p>\n\n\n\n<p>Die von uns verarbeiteten Daten stammen aus verschiedenen Quellen, einschlie\u00dflich der Registrierung und Teilnahme an einer unserer Veranstaltungen oder an \u00f6ffentlichen Veranstaltungen, oder der Zusammenarbeit in unseren Projekten, oder aus \u00f6ffentlich zug\u00e4nglichen Quellen. Weitere Einzelheiten zu den Rechten betroffener Personen entnehmen Sie bitte den Informationen der Europ\u00e4ischen Kommission. Wenn Sie keine Informationen von empirica erhalten m\u00f6chten, informieren Sie uns bitte.<\/p>\n\t\t\t\t\t\t\t\t<\/div>\n\t\t\t\t<\/div>\n\t\t\t\t\t<\/div>\n\t\t<\/div>\n\t\t\t\t\t<\/div>\n\t\t<\/section>\n\t\t\t\t<\/div>\n\t\t","protected":false},"excerpt":{"rendered":"<p>Introduction The protection of personal data is important to us. For this reason, this website is operated in accordance with applicable law on data protection and data security. In particular this concerns the General Data Protection Regulation (GDPR), the Bundesdatenschutzgesetz (BDSG) and the Telemediengesetz (TMG). We collect, process and use personal data for a number [&hellip;]<\/p>\n","protected":false},"author":1,"featured_media":0,"parent":0,"menu_order":0,"comment_status":"closed","ping_status":"closed","template":"elementor_header_footer","meta":{"_acf_changed":false,"footnotes":""},"class_list":["post-94","page","type-page","status-publish","hentry"],"acf":[],"yoast_head":"<!-- This site is optimized with the Yoast SEO plugin v27.4 - https:\/\/yoast.com\/product\/yoast-seo-wordpress\/ -->\n<title>Privacy statement - Leadership2019<\/title>\n<meta name=\"robots\" content=\"index, follow, max-snippet:-1, max-image-preview:large, max-video-preview:-1\" \/>\n<link rel=\"canonical\" href=\"https:\/\/leadership2019.empirica.de\/index.php\/privacy-statement\/\" \/>\n<meta property=\"og:locale\" content=\"en_US\" \/>\n<meta property=\"og:type\" content=\"article\" \/>\n<meta property=\"og:title\" content=\"Privacy statement - Leadership2019\" \/>\n<meta property=\"og:description\" content=\"Introduction The protection of personal data is important to us. For this reason, this website is operated in accordance with applicable law on data protection and data security. In particular this concerns the General Data Protection Regulation (GDPR), the Bundesdatenschutzgesetz (BDSG) and the Telemediengesetz (TMG). We collect, process and use personal data for a number [&hellip;]\" \/>\n<meta property=\"og:url\" content=\"https:\/\/leadership2019.empirica.de\/index.php\/privacy-statement\/\" \/>\n<meta property=\"og:site_name\" content=\"Leadership2019\" \/>\n<meta property=\"article:modified_time\" content=\"2021-05-05T08:51:00+00:00\" \/>\n<meta name=\"twitter:card\" content=\"summary_large_image\" \/>\n<meta name=\"twitter:label1\" content=\"Est. reading time\" \/>\n\t<meta name=\"twitter:data1\" content=\"10 minutes\" \/>\n<script type=\"application\/ld+json\" class=\"yoast-schema-graph\">{\"@context\":\"https:\\\/\\\/schema.org\",\"@graph\":[{\"@type\":\"WebPage\",\"@id\":\"https:\\\/\\\/leadership2019.empirica.de\\\/index.php\\\/privacy-statement\\\/\",\"url\":\"https:\\\/\\\/leadership2019.empirica.de\\\/index.php\\\/privacy-statement\\\/\",\"name\":\"Privacy statement - Leadership2019\",\"isPartOf\":{\"@id\":\"https:\\\/\\\/leadership2019.empirica.de\\\/#website\"},\"datePublished\":\"2021-05-04T14:56:54+00:00\",\"dateModified\":\"2021-05-05T08:51:00+00:00\",\"breadcrumb\":{\"@id\":\"https:\\\/\\\/leadership2019.empirica.de\\\/index.php\\\/privacy-statement\\\/#breadcrumb\"},\"inLanguage\":\"en-US\",\"potentialAction\":[{\"@type\":\"ReadAction\",\"target\":[\"https:\\\/\\\/leadership2019.empirica.de\\\/index.php\\\/privacy-statement\\\/\"]}]},{\"@type\":\"BreadcrumbList\",\"@id\":\"https:\\\/\\\/leadership2019.empirica.de\\\/index.php\\\/privacy-statement\\\/#breadcrumb\",\"itemListElement\":[{\"@type\":\"ListItem\",\"position\":1,\"name\":\"Home\",\"item\":\"https:\\\/\\\/leadership2019.empirica.de\\\/\"},{\"@type\":\"ListItem\",\"position\":2,\"name\":\"Privacy statement\"}]},{\"@type\":\"WebSite\",\"@id\":\"https:\\\/\\\/leadership2019.empirica.de\\\/#website\",\"url\":\"https:\\\/\\\/leadership2019.empirica.de\\\/\",\"name\":\"Leadership2019\",\"description\":\"European Conference\",\"potentialAction\":[{\"@type\":\"SearchAction\",\"target\":{\"@type\":\"EntryPoint\",\"urlTemplate\":\"https:\\\/\\\/leadership2019.empirica.de\\\/?s={search_term_string}\"},\"query-input\":{\"@type\":\"PropertyValueSpecification\",\"valueRequired\":true,\"valueName\":\"search_term_string\"}}],\"inLanguage\":\"en-US\"}]}<\/script>\n<!-- \/ Yoast SEO plugin. -->","yoast_head_json":{"title":"Privacy statement - Leadership2019","robots":{"index":"index","follow":"follow","max-snippet":"max-snippet:-1","max-image-preview":"max-image-preview:large","max-video-preview":"max-video-preview:-1"},"canonical":"https:\/\/leadership2019.empirica.de\/index.php\/privacy-statement\/","og_locale":"en_US","og_type":"article","og_title":"Privacy statement - Leadership2019","og_description":"Introduction The protection of personal data is important to us. For this reason, this website is operated in accordance with applicable law on data protection and data security. In particular this concerns the General Data Protection Regulation (GDPR), the Bundesdatenschutzgesetz (BDSG) and the Telemediengesetz (TMG). We collect, process and use personal data for a number [&hellip;]","og_url":"https:\/\/leadership2019.empirica.de\/index.php\/privacy-statement\/","og_site_name":"Leadership2019","article_modified_time":"2021-05-05T08:51:00+00:00","twitter_card":"summary_large_image","twitter_misc":{"Est. reading time":"10 minutes"},"schema":{"@context":"https:\/\/schema.org","@graph":[{"@type":"WebPage","@id":"https:\/\/leadership2019.empirica.de\/index.php\/privacy-statement\/","url":"https:\/\/leadership2019.empirica.de\/index.php\/privacy-statement\/","name":"Privacy statement - Leadership2019","isPartOf":{"@id":"https:\/\/leadership2019.empirica.de\/#website"},"datePublished":"2021-05-04T14:56:54+00:00","dateModified":"2021-05-05T08:51:00+00:00","breadcrumb":{"@id":"https:\/\/leadership2019.empirica.de\/index.php\/privacy-statement\/#breadcrumb"},"inLanguage":"en-US","potentialAction":[{"@type":"ReadAction","target":["https:\/\/leadership2019.empirica.de\/index.php\/privacy-statement\/"]}]},{"@type":"BreadcrumbList","@id":"https:\/\/leadership2019.empirica.de\/index.php\/privacy-statement\/#breadcrumb","itemListElement":[{"@type":"ListItem","position":1,"name":"Home","item":"https:\/\/leadership2019.empirica.de\/"},{"@type":"ListItem","position":2,"name":"Privacy statement"}]},{"@type":"WebSite","@id":"https:\/\/leadership2019.empirica.de\/#website","url":"https:\/\/leadership2019.empirica.de\/","name":"Leadership2019","description":"European Conference","potentialAction":[{"@type":"SearchAction","target":{"@type":"EntryPoint","urlTemplate":"https:\/\/leadership2019.empirica.de\/?s={search_term_string}"},"query-input":{"@type":"PropertyValueSpecification","valueRequired":true,"valueName":"search_term_string"}}],"inLanguage":"en-US"}]}},"_links":{"self":[{"href":"https:\/\/leadership2019.empirica.de\/index.php\/wp-json\/wp\/v2\/pages\/94","targetHints":{"allow":["GET"]}}],"collection":[{"href":"https:\/\/leadership2019.empirica.de\/index.php\/wp-json\/wp\/v2\/pages"}],"about":[{"href":"https:\/\/leadership2019.empirica.de\/index.php\/wp-json\/wp\/v2\/types\/page"}],"author":[{"embeddable":true,"href":"https:\/\/leadership2019.empirica.de\/index.php\/wp-json\/wp\/v2\/users\/1"}],"replies":[{"embeddable":true,"href":"https:\/\/leadership2019.empirica.de\/index.php\/wp-json\/wp\/v2\/comments?post=94"}],"version-history":[{"count":13,"href":"https:\/\/leadership2019.empirica.de\/index.php\/wp-json\/wp\/v2\/pages\/94\/revisions"}],"predecessor-version":[{"id":296,"href":"https:\/\/leadership2019.empirica.de\/index.php\/wp-json\/wp\/v2\/pages\/94\/revisions\/296"}],"wp:attachment":[{"href":"https:\/\/leadership2019.empirica.de\/index.php\/wp-json\/wp\/v2\/media?parent=94"}],"curies":[{"name":"wp","href":"https:\/\/api.w.org\/{rel}","templated":true}]}}